{"id":131,"date":"2025-03-03T21:18:25","date_gmt":"2025-03-03T21:18:25","guid":{"rendered":"https:\/\/www.devens.sk\/?page_id=131"},"modified":"2025-03-31T09:30:22","modified_gmt":"2025-03-31T09:30:22","slug":"tim","status":"publish","type":"page","link":"https:\/\/www.devens.sk\/sk\/tim\/","title":{"rendered":"T\u00edm"},"content":{"rendered":"","protected":false},"excerpt":{"rendered":"","protected":false},"author":1,"featured_media":0,"parent":0,"menu_order":0,"comment_status":"closed","ping_status":"closed","template":"template-tim.php","meta":{"_acf_changed":false,"inline_featured_image":false,"footnotes":""},"class_list":["post-131","page","type-page","status-publish","hentry"],"acf":[],"yoast_head":"<!-- This site is optimized with the Yoast SEO plugin v24.6 - https:\/\/yoast.com\/wordpress\/plugins\/seo\/ -->\n<title>N\u00e1\u0161 t\u00edm - Sk\u00fasen\u00ed odborn\u00edci v oblasti pr\u00e1va, financi\u00ed a mana\u017ementu<\/title>\n<meta name=\"description\" content=\"N\u00e1\u0161 t\u00edm sp\u00e1ja odbornos\u0165 a sk\u00fasenosti s rie\u0161en\u00edm komplexn\u00fdch projektov. Spoznajte profesion\u00e1lov, ktor\u00ed stoja za \u00faspechom va\u0161ich transakci\u00ed.\" \/>\n<meta name=\"robots\" content=\"index, follow, max-snippet:-1, max-image-preview:large, max-video-preview:-1\" \/>\n<link rel=\"canonical\" href=\"https:\/\/www.devens.sk\/sk\/tim\/\" \/>\n<meta property=\"og:locale\" content=\"sk_SK\" \/>\n<meta property=\"og:type\" content=\"article\" \/>\n<meta property=\"og:title\" content=\"N\u00e1\u0161 t\u00edm - Sk\u00fasen\u00ed odborn\u00edci v oblasti pr\u00e1va, financi\u00ed a mana\u017ementu\" \/>\n<meta property=\"og:description\" content=\"N\u00e1\u0161 t\u00edm sp\u00e1ja odbornos\u0165 a sk\u00fasenosti s rie\u0161en\u00edm komplexn\u00fdch projektov. Spoznajte profesion\u00e1lov, ktor\u00ed stoja za \u00faspechom va\u0161ich transakci\u00ed.\" \/>\n<meta property=\"og:url\" content=\"https:\/\/www.devens.sk\/sk\/tim\/\" \/>\n<meta property=\"og:site_name\" content=\"devens\" \/>\n<meta property=\"article:modified_time\" content=\"2025-03-31T09:30:22+00:00\" \/>\n<meta name=\"twitter:card\" content=\"summary_large_image\" \/>\n<script type=\"application\/ld+json\" class=\"yoast-schema-graph\">{\"@context\":\"https:\/\/schema.org\",\"@graph\":[{\"@type\":\"WebPage\",\"@id\":\"https:\/\/www.devens.sk\/sk\/tim\/\",\"url\":\"https:\/\/www.devens.sk\/sk\/tim\/\",\"name\":\"N\u00e1\u0161 t\u00edm - Sk\u00fasen\u00ed odborn\u00edci v oblasti pr\u00e1va, financi\u00ed a mana\u017ementu\",\"isPartOf\":{\"@id\":\"https:\/\/www.devens.sk\/sk\/#website\"},\"datePublished\":\"2025-03-03T21:18:25+00:00\",\"dateModified\":\"2025-03-31T09:30:22+00:00\",\"description\":\"N\u00e1\u0161 t\u00edm sp\u00e1ja odbornos\u0165 a sk\u00fasenosti s rie\u0161en\u00edm komplexn\u00fdch projektov. Spoznajte profesion\u00e1lov, ktor\u00ed stoja za \u00faspechom va\u0161ich transakci\u00ed.\",\"breadcrumb\":{\"@id\":\"https:\/\/www.devens.sk\/sk\/tim\/#breadcrumb\"},\"inLanguage\":\"sk-SK\",\"potentialAction\":[{\"@type\":\"ReadAction\",\"target\":[\"https:\/\/www.devens.sk\/sk\/tim\/\"]}]},{\"@type\":\"BreadcrumbList\",\"@id\":\"https:\/\/www.devens.sk\/sk\/tim\/#breadcrumb\",\"itemListElement\":[{\"@type\":\"ListItem\",\"position\":1,\"name\":\"Home\",\"item\":\"https:\/\/www.devens.sk\/sk\/\"},{\"@type\":\"ListItem\",\"position\":2,\"name\":\"T\u00edm\"}]},{\"@type\":\"WebSite\",\"@id\":\"https:\/\/www.devens.sk\/sk\/#website\",\"url\":\"https:\/\/www.devens.sk\/sk\/\",\"name\":\"devens\",\"description\":\"\",\"potentialAction\":[{\"@type\":\"SearchAction\",\"target\":{\"@type\":\"EntryPoint\",\"urlTemplate\":\"https:\/\/www.devens.sk\/sk\/?s={search_term_string}\"},\"query-input\":{\"@type\":\"PropertyValueSpecification\",\"valueRequired\":true,\"valueName\":\"search_term_string\"}}],\"inLanguage\":\"sk-SK\"}]}<\/script>\n<!-- \/ Yoast SEO plugin. -->","yoast_head_json":{"title":"N\u00e1\u0161 t\u00edm - Sk\u00fasen\u00ed odborn\u00edci v oblasti pr\u00e1va, financi\u00ed a mana\u017ementu","description":"N\u00e1\u0161 t\u00edm sp\u00e1ja odbornos\u0165 a sk\u00fasenosti s rie\u0161en\u00edm komplexn\u00fdch projektov. Spoznajte profesion\u00e1lov, ktor\u00ed stoja za \u00faspechom va\u0161ich transakci\u00ed.","robots":{"index":"index","follow":"follow","max-snippet":"max-snippet:-1","max-image-preview":"max-image-preview:large","max-video-preview":"max-video-preview:-1"},"canonical":"https:\/\/www.devens.sk\/sk\/tim\/","og_locale":"sk_SK","og_type":"article","og_title":"N\u00e1\u0161 t\u00edm - Sk\u00fasen\u00ed odborn\u00edci v oblasti pr\u00e1va, financi\u00ed a mana\u017ementu","og_description":"N\u00e1\u0161 t\u00edm sp\u00e1ja odbornos\u0165 a sk\u00fasenosti s rie\u0161en\u00edm komplexn\u00fdch projektov. Spoznajte profesion\u00e1lov, ktor\u00ed stoja za \u00faspechom va\u0161ich transakci\u00ed.","og_url":"https:\/\/www.devens.sk\/sk\/tim\/","og_site_name":"devens","article_modified_time":"2025-03-31T09:30:22+00:00","twitter_card":"summary_large_image","schema":{"@context":"https:\/\/schema.org","@graph":[{"@type":"WebPage","@id":"https:\/\/www.devens.sk\/sk\/tim\/","url":"https:\/\/www.devens.sk\/sk\/tim\/","name":"N\u00e1\u0161 t\u00edm - Sk\u00fasen\u00ed odborn\u00edci v oblasti pr\u00e1va, financi\u00ed a mana\u017ementu","isPartOf":{"@id":"https:\/\/www.devens.sk\/sk\/#website"},"datePublished":"2025-03-03T21:18:25+00:00","dateModified":"2025-03-31T09:30:22+00:00","description":"N\u00e1\u0161 t\u00edm sp\u00e1ja odbornos\u0165 a sk\u00fasenosti s rie\u0161en\u00edm komplexn\u00fdch projektov. Spoznajte profesion\u00e1lov, ktor\u00ed stoja za \u00faspechom va\u0161ich transakci\u00ed.","breadcrumb":{"@id":"https:\/\/www.devens.sk\/sk\/tim\/#breadcrumb"},"inLanguage":"sk-SK","potentialAction":[{"@type":"ReadAction","target":["https:\/\/www.devens.sk\/sk\/tim\/"]}]},{"@type":"BreadcrumbList","@id":"https:\/\/www.devens.sk\/sk\/tim\/#breadcrumb","itemListElement":[{"@type":"ListItem","position":1,"name":"Home","item":"https:\/\/www.devens.sk\/sk\/"},{"@type":"ListItem","position":2,"name":"T\u00edm"}]},{"@type":"WebSite","@id":"https:\/\/www.devens.sk\/sk\/#website","url":"https:\/\/www.devens.sk\/sk\/","name":"devens","description":"","potentialAction":[{"@type":"SearchAction","target":{"@type":"EntryPoint","urlTemplate":"https:\/\/www.devens.sk\/sk\/?s={search_term_string}"},"query-input":{"@type":"PropertyValueSpecification","valueRequired":true,"valueName":"search_term_string"}}],"inLanguage":"sk-SK"}]}},"_links":{"self":[{"href":"https:\/\/www.devens.sk\/sk\/wp-json\/wp\/v2\/pages\/131","targetHints":{"allow":["GET"]}}],"collection":[{"href":"https:\/\/www.devens.sk\/sk\/wp-json\/wp\/v2\/pages"}],"about":[{"href":"https:\/\/www.devens.sk\/sk\/wp-json\/wp\/v2\/types\/page"}],"author":[{"embeddable":true,"href":"https:\/\/www.devens.sk\/sk\/wp-json\/wp\/v2\/users\/1"}],"replies":[{"embeddable":true,"href":"https:\/\/www.devens.sk\/sk\/wp-json\/wp\/v2\/comments?post=131"}],"version-history":[{"count":16,"href":"https:\/\/www.devens.sk\/sk\/wp-json\/wp\/v2\/pages\/131\/revisions"}],"predecessor-version":[{"id":537,"href":"https:\/\/www.devens.sk\/sk\/wp-json\/wp\/v2\/pages\/131\/revisions\/537"}],"wp:attachment":[{"href":"https:\/\/www.devens.sk\/sk\/wp-json\/wp\/v2\/media?parent=131"}],"curies":[{"name":"wp","href":"https:\/\/api.w.org\/{rel}","templated":true}]}}