{"id":243,"date":"2025-03-11T19:16:46","date_gmt":"2025-03-11T19:16:46","guid":{"rendered":"https:\/\/www.devens.sk\/?page_id=243"},"modified":"2025-03-17T21:41:59","modified_gmt":"2025-03-17T21:41:59","slug":"pravidla-ochrany-osobnych-udajov","status":"publish","type":"page","link":"https:\/\/www.devens.sk\/sk\/pravidla-ochrany-osobnych-udajov\/","title":{"rendered":"Pravidl\u00e1 ochrany osobn\u00fdch \u00fadajov"},"content":{"rendered":"<h4>Pravidl\u00e1 ochrany osobn\u00fdch \u00fadajov<\/h4>\n<p>Sprac\u00favanie osobn\u00fdch \u00fadajov je neoddelite\u013enou s\u00fa\u010das\u0165ou prev\u00e1dzky na\u0161ich webov\u00fdch str\u00e1nok. Je pre n\u00e1s d\u00f4le\u017eit\u00e9, aby osobn\u00e9 \u00fadaje z\u00e1kazn\u00edkov boli sprac\u00favane sp\u00f4sobom, ktor\u00fd neodporuje z\u00e1sad\u00e1m a po\u017eiadavk\u00e1m NARIADENIA EUR\u00d3PSKEHO PARLAMENTU A RADY (E\u00da) 2016\/679 z 27. apr\u00edla 2016 o ochrane fyzick\u00fdch os\u00f4b pri sprac\u00favan\u00ed osobn\u00fdch \u00fadajov a o vo\u013enom pohybe tak\u00fdchto \u00fadajov, ktor\u00fdm sa zru\u0161uje smernica 95\/46\/ES (\u010falej len \u201eGDPR\u201c) ani z\u00e1konu \u010d. 18\/2018 Z. z. o ochrane osobn\u00fdch \u00fadajov. Z tohto d\u00f4vodu, ale aj v z\u00e1ujme transparentnosti nakladania s osobn\u00fdmi \u00fadajmi, pripravil prev\u00e1dzkovate\u013e webovej str\u00e1nky t\u00fato inform\u00e1ciu o ochrane osobn\u00fdch \u00fadajov.<\/p>\n<h4>V pr\u00edpadoch, ke\u010f sa od z\u00e1kazn\u00edka ako od dotknutej osoby z\u00edskavaj\u00fa osobn\u00e9 \u00fadaje, ktor\u00e9 sa jej t\u00fdkaj\u00fa, poskytuje prev\u00e1dzkovate\u013e pri z\u00edskavan\u00ed osobn\u00fdch \u00fadajov nasledovn\u00e9 inform\u00e1cie:<\/h4>\n<ul>\n<li><b>a)<\/b> Prev\u00e1dzkovate\u013eom webov\u00fdch str\u00e1nok je DEVENS Legal &amp; Advisory s.r.o., I\u010cO: 55 171 150, \u0160t\u00farova 4, 811 02 Bratislava<\/li>\n<li><b>b)<\/b>\u00a0\u00da\u010delom sprac\u00favania osobn\u00fdch \u00fadajov je realiz\u00e1cia prev\u00e1dzky webovej str\u00e1nky ako aj obchodn\u00e1 komunik\u00e1cia s potenci\u00e1lnymi z\u00e1kazn\u00edkmi, ot\u00e1zky, rezerv\u00e1cie \u010di objedn\u00e1vky slu\u017eieb na z\u00e1klade po\u017eiadavky z\u00e1kazn\u00edka a tie\u017e marketingov\u00e9 aktivity prev\u00e1dzkovate\u013ea na z\u00e1klade opr\u00e1vnen\u00e9ho z\u00e1ujmu. Pr\u00e1vnym z\u00e1kladom sprac\u00favania osobn\u00fdch \u00fadajov je tak \u010dl\u00e1nok 6 odsek 2 p\u00edsm b) a f) GDPR, a na jeho plnenie je nevyhnutn\u00e9 z\u00edska\u0165 a sprac\u00fava\u0165 osobn\u00e9 \u00fadaje v minim\u00e1lnom potrebnom a tie\u017e mo\u017enom rozsahu.<\/li>\n<li><b>c)<\/b>\u00a0Pri prev\u00e1dzke webov\u00fdch str\u00e1nok db\u00e1me o d\u00f4vernos\u0165 osobn\u00fdch \u00fadajov na\u0161ich z\u00e1kazn\u00edkov a ich osobn\u00e9 \u00fadaje neposkytujeme \u017eiadnym in\u00fdm subjektom. V\u00fdnimkou m\u00f4\u017ee by\u0165 prepravn\u00e1 spolo\u010dnos\u0165 v pr\u00edpade objedn\u00e1vky, ktor\u00e1 zabezpe\u010d\u00ed doru\u010denie tovarov alebo slu\u017eieb, poskytovate\u013e platobn\u00fdch slu\u017eieb v pr\u00edpade, \u017ee sa realizuje platba alebo in\u00fd subjekt so z\u00e1konn\u00fdm opr\u00e1vnen\u00edm na pr\u00edstup k \u00fadajov.<\/li>\n<li><b>d)<\/b>\u00a0Osobn\u00e9 \u00fadaje z\u00e1kazn\u00edkov s\u00favisiace s komunik\u00e1ciou prostredn\u00edctvom tejto webovej str\u00e1nky, ako aj \u00fadaje s\u00favisiace s dodan\u00edm tovarov a slu\u017eieb, uchov\u00e1vame po dobu nevyhnutn\u00fa na splnenie archiva\u010dn\u00fdch povinnost\u00ed vypl\u00fdvaj\u00facich z osobitn\u00fdch predpisov (napr. pr\u00edslu\u0161n\u00e9 pr\u00e1vne predpisy upravuj\u00face povinnosti pri veden\u00ed \u00fa\u010dtovn\u00edctva a pod.).<\/li>\n<li><b>e)<\/b>\u00a0Z\u00e1kazn\u00edk ako dotknut\u00e1 osoba m\u00e1 pr\u00e1vo na inform\u00e1cie a pr\u00edstup ku svojim osobn\u00fdm \u00fadajom, pr\u00e1vo na ich opravu, pr\u00e1vo na portabilitu a tie\u017e pr\u00e1vo na vymazanie, pr\u00e1vo na namietanie \u010di obmedzenie sprac\u00favania a pr\u00e1vo obr\u00e1ti\u0165 sa kedyko\u013evek na dozorn\u00fd org\u00e1n ochrany osobn\u00fdch \u00fadajov. Pr\u00e1vom ka\u017edej dotknutej osoby je tie\u017e pr\u00e1vo poda\u0165 s\u0165a\u017enos\u0165 dozorn\u00e9mu org\u00e1nu, ktor\u00fdm je \u00darad na ochranu osobn\u00fdch \u00fadajov Slovenskej republiky.<\/li>\n<li><b>f)<\/b>\u00a0Je na\u0161im cie\u013eom z\u00edskava\u0165 a sprac\u00fava\u0165 osobn\u00e9 \u00fadaje z\u00e1kazn\u00edkov v najmen\u0161om mo\u017enom rozsahu. Zabezpe\u010denie obchodnej komunik\u00e1cie \u010di pr\u00edpadn\u00e9 dodania tovarov a slu\u017eieb v\u0161ak bez sprac\u00favania osobn\u00fdch \u00fadajov nie je mo\u017en\u00e9. Poskytnutie minim\u00e1lneho rozsahu \u00fadajov je teda potrebn\u00e9 tak na obchodn\u00fa komunik\u00e1ciu ako aj realiz\u00e1ciu objedn\u00e1vok.<\/li>\n<li><b>g)<\/b>\u00a0Je na\u0161im opr\u00e1vnen\u00fdm z\u00e1ujmom vedie\u0165, ak\u00fdm sp\u00f4sobom na\u0161i n\u00e1v\u0161tevn\u00edci pou\u017e\u00edvaj\u00fa na\u0161e webstr\u00e1nky, s cie\u013eom zlep\u0161i\u0165 mo\u017enosti a pohodlie ich n\u00e1v\u0161tevy a pou\u017e\u00edvania, ako aj mo\u017enos\u0165 realiz\u00e1cie marketingovej komunik\u00e1cie. S t\u00fdmto z\u00e1merom vyu\u017e\u00edvame v minim\u00e1lnom mo\u017enom rozsahu aj n\u00e1stroje tret\u00edch str\u00e1n, ktor\u00e9 n\u00e1m to umo\u017e\u0148uj\u00fa. Ide najm\u00e4 o Google Analytics IP adresy a cookies n\u00e1m v tomto pom\u00e1haj\u00fa. Cookies si kedyko\u013evek m\u00f4\u017eete vymaza\u0165 v nastaveniach svojho prehliada\u010da.<\/li>\n<li><b>h)<\/b>\u00a0Ak z\u00e1kazn\u00edk s\u00fahlasil so sprac\u00favan\u00edm osobn\u00fdch \u00fadajov na marketingov\u00e9 \u00fa\u010dely, vykon\u00e1vame ho zasielan\u00edm e-mailov\u00fdch spr\u00e1v (napr. newsletter, alebo ponuka obdobn\u00fdch tovarov a slu\u017eieb) na kontaktn\u00fa e-mailov\u00fa adresu. Svoj s\u00fahlas m\u00f4\u017ee z\u00e1kazn\u00edk kedyko\u013evek odvola\u0165 zaslan\u00edm Odvolania so sprac\u00favan\u00edm osobn\u00fdch \u00fadajov, pri\u010dom tieto okam\u017eite blokujeme alebo likvidujeme a z na\u0161ej strany Vami poskytnut\u00e9 osobn\u00e9 \u00fadaje u\u017e nebudeme pou\u017e\u00edva\u0165 na marketingov\u00e9 \u00fa\u010dely.<\/li>\n<\/ul>\n","protected":false},"excerpt":{"rendered":"<p>Pravidl\u00e1 ochrany osobn\u00fdch \u00fadajov Sprac\u00favanie osobn\u00fdch \u00fadajov je neoddelite\u013enou s\u00fa\u010das\u0165ou prev\u00e1dzky na\u0161ich webov\u00fdch str\u00e1nok. Je pre n\u00e1s d\u00f4le\u017eit\u00e9, aby osobn\u00e9 \u00fadaje z\u00e1kazn\u00edkov boli sprac\u00favane sp\u00f4sobom, ktor\u00fd neodporuje z\u00e1sad\u00e1m a po\u017eiadavk\u00e1m NARIADENIA EUR\u00d3PSKEHO PARLAMENTU A RADY (E\u00da) 2016\/679 z 27. apr\u00edla 2016 o ochrane fyzick\u00fdch os\u00f4b pri sprac\u00favan\u00ed osobn\u00fdch \u00fadajov a o vo\u013enom pohybe tak\u00fdchto \u00fadajov, [&hellip;]<\/p>\n","protected":false},"author":1,"featured_media":0,"parent":0,"menu_order":0,"comment_status":"closed","ping_status":"closed","template":"template-dokument.php","meta":{"_acf_changed":false,"inline_featured_image":false,"footnotes":""},"class_list":["post-243","page","type-page","status-publish","hentry"],"acf":[],"yoast_head":"<!-- This site is optimized with the Yoast SEO plugin v24.6 - https:\/\/yoast.com\/wordpress\/plugins\/seo\/ -->\n<title>Pravidl\u00e1 ochrany osobn\u00fdch \u00fadajov - devens<\/title>\n<meta name=\"robots\" content=\"index, follow, max-snippet:-1, max-image-preview:large, max-video-preview:-1\" \/>\n<link rel=\"canonical\" href=\"https:\/\/www.devens.sk\/sk\/pravidla-ochrany-osobnych-udajov\/\" \/>\n<meta property=\"og:locale\" content=\"sk_SK\" \/>\n<meta property=\"og:type\" content=\"article\" \/>\n<meta property=\"og:title\" content=\"Pravidl\u00e1 ochrany osobn\u00fdch \u00fadajov - devens\" \/>\n<meta property=\"og:description\" content=\"Pravidl\u00e1 ochrany osobn\u00fdch \u00fadajov Sprac\u00favanie osobn\u00fdch \u00fadajov je neoddelite\u013enou s\u00fa\u010das\u0165ou prev\u00e1dzky na\u0161ich webov\u00fdch str\u00e1nok. Je pre n\u00e1s d\u00f4le\u017eit\u00e9, aby osobn\u00e9 \u00fadaje z\u00e1kazn\u00edkov boli sprac\u00favane sp\u00f4sobom, ktor\u00fd neodporuje z\u00e1sad\u00e1m a po\u017eiadavk\u00e1m NARIADENIA EUR\u00d3PSKEHO PARLAMENTU A RADY (E\u00da) 2016\/679 z 27. apr\u00edla 2016 o ochrane fyzick\u00fdch os\u00f4b pri sprac\u00favan\u00ed osobn\u00fdch \u00fadajov a o vo\u013enom pohybe tak\u00fdchto \u00fadajov, [&hellip;]\" \/>\n<meta property=\"og:url\" content=\"https:\/\/www.devens.sk\/sk\/pravidla-ochrany-osobnych-udajov\/\" \/>\n<meta property=\"og:site_name\" content=\"devens\" \/>\n<meta property=\"article:modified_time\" content=\"2025-03-17T21:41:59+00:00\" \/>\n<meta name=\"twitter:card\" content=\"summary_large_image\" \/>\n<meta name=\"twitter:label1\" content=\"Est. reading time\" \/>\n\t<meta name=\"twitter:data1\" content=\"3 min\u00faty\" \/>\n<script type=\"application\/ld+json\" class=\"yoast-schema-graph\">{\"@context\":\"https:\/\/schema.org\",\"@graph\":[{\"@type\":\"WebPage\",\"@id\":\"https:\/\/www.devens.sk\/sk\/pravidla-ochrany-osobnych-udajov\/\",\"url\":\"https:\/\/www.devens.sk\/sk\/pravidla-ochrany-osobnych-udajov\/\",\"name\":\"Pravidl\u00e1 ochrany osobn\u00fdch \u00fadajov - devens\",\"isPartOf\":{\"@id\":\"https:\/\/www.devens.sk\/sk\/#website\"},\"datePublished\":\"2025-03-11T19:16:46+00:00\",\"dateModified\":\"2025-03-17T21:41:59+00:00\",\"breadcrumb\":{\"@id\":\"https:\/\/www.devens.sk\/sk\/pravidla-ochrany-osobnych-udajov\/#breadcrumb\"},\"inLanguage\":\"sk-SK\",\"potentialAction\":[{\"@type\":\"ReadAction\",\"target\":[\"https:\/\/www.devens.sk\/sk\/pravidla-ochrany-osobnych-udajov\/\"]}]},{\"@type\":\"BreadcrumbList\",\"@id\":\"https:\/\/www.devens.sk\/sk\/pravidla-ochrany-osobnych-udajov\/#breadcrumb\",\"itemListElement\":[{\"@type\":\"ListItem\",\"position\":1,\"name\":\"Home\",\"item\":\"https:\/\/www.devens.sk\/sk\/\"},{\"@type\":\"ListItem\",\"position\":2,\"name\":\"Pravidl\u00e1 ochrany osobn\u00fdch \u00fadajov\"}]},{\"@type\":\"WebSite\",\"@id\":\"https:\/\/www.devens.sk\/sk\/#website\",\"url\":\"https:\/\/www.devens.sk\/sk\/\",\"name\":\"devens\",\"description\":\"\",\"potentialAction\":[{\"@type\":\"SearchAction\",\"target\":{\"@type\":\"EntryPoint\",\"urlTemplate\":\"https:\/\/www.devens.sk\/sk\/?s={search_term_string}\"},\"query-input\":{\"@type\":\"PropertyValueSpecification\",\"valueRequired\":true,\"valueName\":\"search_term_string\"}}],\"inLanguage\":\"sk-SK\"}]}<\/script>\n<!-- \/ Yoast SEO plugin. -->","yoast_head_json":{"title":"Pravidl\u00e1 ochrany osobn\u00fdch \u00fadajov - devens","robots":{"index":"index","follow":"follow","max-snippet":"max-snippet:-1","max-image-preview":"max-image-preview:large","max-video-preview":"max-video-preview:-1"},"canonical":"https:\/\/www.devens.sk\/sk\/pravidla-ochrany-osobnych-udajov\/","og_locale":"sk_SK","og_type":"article","og_title":"Pravidl\u00e1 ochrany osobn\u00fdch \u00fadajov - devens","og_description":"Pravidl\u00e1 ochrany osobn\u00fdch \u00fadajov Sprac\u00favanie osobn\u00fdch \u00fadajov je neoddelite\u013enou s\u00fa\u010das\u0165ou prev\u00e1dzky na\u0161ich webov\u00fdch str\u00e1nok. Je pre n\u00e1s d\u00f4le\u017eit\u00e9, aby osobn\u00e9 \u00fadaje z\u00e1kazn\u00edkov boli sprac\u00favane sp\u00f4sobom, ktor\u00fd neodporuje z\u00e1sad\u00e1m a po\u017eiadavk\u00e1m NARIADENIA EUR\u00d3PSKEHO PARLAMENTU A RADY (E\u00da) 2016\/679 z 27. apr\u00edla 2016 o ochrane fyzick\u00fdch os\u00f4b pri sprac\u00favan\u00ed osobn\u00fdch \u00fadajov a o vo\u013enom pohybe tak\u00fdchto \u00fadajov, [&hellip;]","og_url":"https:\/\/www.devens.sk\/sk\/pravidla-ochrany-osobnych-udajov\/","og_site_name":"devens","article_modified_time":"2025-03-17T21:41:59+00:00","twitter_card":"summary_large_image","twitter_misc":{"Est. reading time":"3 min\u00faty"},"schema":{"@context":"https:\/\/schema.org","@graph":[{"@type":"WebPage","@id":"https:\/\/www.devens.sk\/sk\/pravidla-ochrany-osobnych-udajov\/","url":"https:\/\/www.devens.sk\/sk\/pravidla-ochrany-osobnych-udajov\/","name":"Pravidl\u00e1 ochrany osobn\u00fdch \u00fadajov - devens","isPartOf":{"@id":"https:\/\/www.devens.sk\/sk\/#website"},"datePublished":"2025-03-11T19:16:46+00:00","dateModified":"2025-03-17T21:41:59+00:00","breadcrumb":{"@id":"https:\/\/www.devens.sk\/sk\/pravidla-ochrany-osobnych-udajov\/#breadcrumb"},"inLanguage":"sk-SK","potentialAction":[{"@type":"ReadAction","target":["https:\/\/www.devens.sk\/sk\/pravidla-ochrany-osobnych-udajov\/"]}]},{"@type":"BreadcrumbList","@id":"https:\/\/www.devens.sk\/sk\/pravidla-ochrany-osobnych-udajov\/#breadcrumb","itemListElement":[{"@type":"ListItem","position":1,"name":"Home","item":"https:\/\/www.devens.sk\/sk\/"},{"@type":"ListItem","position":2,"name":"Pravidl\u00e1 ochrany osobn\u00fdch \u00fadajov"}]},{"@type":"WebSite","@id":"https:\/\/www.devens.sk\/sk\/#website","url":"https:\/\/www.devens.sk\/sk\/","name":"devens","description":"","potentialAction":[{"@type":"SearchAction","target":{"@type":"EntryPoint","urlTemplate":"https:\/\/www.devens.sk\/sk\/?s={search_term_string}"},"query-input":{"@type":"PropertyValueSpecification","valueRequired":true,"valueName":"search_term_string"}}],"inLanguage":"sk-SK"}]}},"_links":{"self":[{"href":"https:\/\/www.devens.sk\/sk\/wp-json\/wp\/v2\/pages\/243","targetHints":{"allow":["GET"]}}],"collection":[{"href":"https:\/\/www.devens.sk\/sk\/wp-json\/wp\/v2\/pages"}],"about":[{"href":"https:\/\/www.devens.sk\/sk\/wp-json\/wp\/v2\/types\/page"}],"author":[{"embeddable":true,"href":"https:\/\/www.devens.sk\/sk\/wp-json\/wp\/v2\/users\/1"}],"replies":[{"embeddable":true,"href":"https:\/\/www.devens.sk\/sk\/wp-json\/wp\/v2\/comments?post=243"}],"version-history":[{"count":3,"href":"https:\/\/www.devens.sk\/sk\/wp-json\/wp\/v2\/pages\/243\/revisions"}],"predecessor-version":[{"id":523,"href":"https:\/\/www.devens.sk\/sk\/wp-json\/wp\/v2\/pages\/243\/revisions\/523"}],"wp:attachment":[{"href":"https:\/\/www.devens.sk\/sk\/wp-json\/wp\/v2\/media?parent=243"}],"curies":[{"name":"wp","href":"https:\/\/api.w.org\/{rel}","templated":true}]}}