{"id":245,"date":"2025-03-11T19:17:39","date_gmt":"2025-03-11T19:17:39","guid":{"rendered":"https:\/\/www.devens.sk\/?page_id=245"},"modified":"2025-03-17T21:44:37","modified_gmt":"2025-03-17T21:44:37","slug":"pravne-upozornenie-web-stranky","status":"publish","type":"page","link":"https:\/\/www.devens.sk\/sk\/pravne-upozornenie-web-stranky\/","title":{"rendered":"Pr\u00e1vne upozornenie"},"content":{"rendered":"<p>DEVENS Legal &amp; Advisory s.r.o. je pr\u00e1vnick\u00e1 firma so s\u00eddlom na adrese \u0160t\u00farova 4, 811 02 Bratislava \u2013mestsk\u00e1 \u010das\u0165 Star\u00e9 Mesto, Slovensk\u00e1 republika, zap\u00edsan\u00e1 v Obchodnom registri vedenom Mestsk\u00fdm s\u00fadom Bratislava III, oddiel Sro, vlo\u017eka \u010d. 166309\/B, I\u010cO 55 171 150 a v Slovenskej advok\u00e1tskej komore ako spolo\u010dnos\u0165 s ru\u010den\u00edm obmedzen\u00fdm s licenciou na v\u00fdkon pr\u00e1vnickej praxe.<\/p>\n","protected":false},"excerpt":{"rendered":"<p>DEVENS Legal &amp; Advisory s.r.o. je pr\u00e1vnick\u00e1 firma so s\u00eddlom na adrese \u0160t\u00farova 4, 811 02 Bratislava \u2013mestsk\u00e1 \u010das\u0165 Star\u00e9 Mesto, Slovensk\u00e1 republika, zap\u00edsan\u00e1 v Obchodnom registri vedenom Mestsk\u00fdm s\u00fadom Bratislava III, oddiel Sro, vlo\u017eka \u010d. 166309\/B, I\u010cO 55 171 150 a v Slovenskej advok\u00e1tskej komore ako spolo\u010dnos\u0165 s ru\u010den\u00edm obmedzen\u00fdm s licenciou na v\u00fdkon [&hellip;]<\/p>\n","protected":false},"author":1,"featured_media":0,"parent":0,"menu_order":0,"comment_status":"closed","ping_status":"closed","template":"template-dokument.php","meta":{"_acf_changed":false,"inline_featured_image":false,"footnotes":""},"class_list":["post-245","page","type-page","status-publish","hentry"],"acf":[],"yoast_head":"<!-- This site is optimized with the Yoast SEO plugin v24.6 - https:\/\/yoast.com\/wordpress\/plugins\/seo\/ -->\n<title>Pr\u00e1vne upozornenie - devens<\/title>\n<meta name=\"robots\" content=\"index, follow, max-snippet:-1, max-image-preview:large, max-video-preview:-1\" \/>\n<link rel=\"canonical\" href=\"https:\/\/www.devens.sk\/sk\/pravne-upozornenie-web-stranky\/\" \/>\n<meta property=\"og:locale\" content=\"sk_SK\" \/>\n<meta property=\"og:type\" content=\"article\" \/>\n<meta property=\"og:title\" content=\"Pr\u00e1vne upozornenie - devens\" \/>\n<meta property=\"og:description\" content=\"DEVENS Legal &amp; Advisory s.r.o. je pr\u00e1vnick\u00e1 firma so s\u00eddlom na adrese \u0160t\u00farova 4, 811 02 Bratislava \u2013mestsk\u00e1 \u010das\u0165 Star\u00e9 Mesto, Slovensk\u00e1 republika, zap\u00edsan\u00e1 v Obchodnom registri vedenom Mestsk\u00fdm s\u00fadom Bratislava III, oddiel Sro, vlo\u017eka \u010d. 166309\/B, I\u010cO 55 171 150 a v Slovenskej advok\u00e1tskej komore ako spolo\u010dnos\u0165 s ru\u010den\u00edm obmedzen\u00fdm s licenciou na v\u00fdkon [&hellip;]\" \/>\n<meta property=\"og:url\" content=\"https:\/\/www.devens.sk\/sk\/pravne-upozornenie-web-stranky\/\" \/>\n<meta property=\"og:site_name\" content=\"devens\" \/>\n<meta property=\"article:modified_time\" content=\"2025-03-17T21:44:37+00:00\" \/>\n<meta name=\"twitter:card\" content=\"summary_large_image\" \/>\n<meta name=\"twitter:label1\" content=\"Est. reading time\" \/>\n\t<meta name=\"twitter:data1\" content=\"1 min\u00fata\" \/>\n<script type=\"application\/ld+json\" class=\"yoast-schema-graph\">{\"@context\":\"https:\/\/schema.org\",\"@graph\":[{\"@type\":\"WebPage\",\"@id\":\"https:\/\/www.devens.sk\/sk\/pravne-upozornenie-web-stranky\/\",\"url\":\"https:\/\/www.devens.sk\/sk\/pravne-upozornenie-web-stranky\/\",\"name\":\"Pr\u00e1vne upozornenie - devens\",\"isPartOf\":{\"@id\":\"https:\/\/www.devens.sk\/sk\/#website\"},\"datePublished\":\"2025-03-11T19:17:39+00:00\",\"dateModified\":\"2025-03-17T21:44:37+00:00\",\"breadcrumb\":{\"@id\":\"https:\/\/www.devens.sk\/sk\/pravne-upozornenie-web-stranky\/#breadcrumb\"},\"inLanguage\":\"sk-SK\",\"potentialAction\":[{\"@type\":\"ReadAction\",\"target\":[\"https:\/\/www.devens.sk\/sk\/pravne-upozornenie-web-stranky\/\"]}]},{\"@type\":\"BreadcrumbList\",\"@id\":\"https:\/\/www.devens.sk\/sk\/pravne-upozornenie-web-stranky\/#breadcrumb\",\"itemListElement\":[{\"@type\":\"ListItem\",\"position\":1,\"name\":\"Home\",\"item\":\"https:\/\/www.devens.sk\/sk\/\"},{\"@type\":\"ListItem\",\"position\":2,\"name\":\"Pr\u00e1vne upozornenie\"}]},{\"@type\":\"WebSite\",\"@id\":\"https:\/\/www.devens.sk\/sk\/#website\",\"url\":\"https:\/\/www.devens.sk\/sk\/\",\"name\":\"devens\",\"description\":\"\",\"potentialAction\":[{\"@type\":\"SearchAction\",\"target\":{\"@type\":\"EntryPoint\",\"urlTemplate\":\"https:\/\/www.devens.sk\/sk\/?s={search_term_string}\"},\"query-input\":{\"@type\":\"PropertyValueSpecification\",\"valueRequired\":true,\"valueName\":\"search_term_string\"}}],\"inLanguage\":\"sk-SK\"}]}<\/script>\n<!-- \/ Yoast SEO plugin. -->","yoast_head_json":{"title":"Pr\u00e1vne upozornenie - devens","robots":{"index":"index","follow":"follow","max-snippet":"max-snippet:-1","max-image-preview":"max-image-preview:large","max-video-preview":"max-video-preview:-1"},"canonical":"https:\/\/www.devens.sk\/sk\/pravne-upozornenie-web-stranky\/","og_locale":"sk_SK","og_type":"article","og_title":"Pr\u00e1vne upozornenie - devens","og_description":"DEVENS Legal &amp; Advisory s.r.o. je pr\u00e1vnick\u00e1 firma so s\u00eddlom na adrese \u0160t\u00farova 4, 811 02 Bratislava \u2013mestsk\u00e1 \u010das\u0165 Star\u00e9 Mesto, Slovensk\u00e1 republika, zap\u00edsan\u00e1 v Obchodnom registri vedenom Mestsk\u00fdm s\u00fadom Bratislava III, oddiel Sro, vlo\u017eka \u010d. 166309\/B, I\u010cO 55 171 150 a v Slovenskej advok\u00e1tskej komore ako spolo\u010dnos\u0165 s ru\u010den\u00edm obmedzen\u00fdm s licenciou na v\u00fdkon [&hellip;]","og_url":"https:\/\/www.devens.sk\/sk\/pravne-upozornenie-web-stranky\/","og_site_name":"devens","article_modified_time":"2025-03-17T21:44:37+00:00","twitter_card":"summary_large_image","twitter_misc":{"Est. reading time":"1 min\u00fata"},"schema":{"@context":"https:\/\/schema.org","@graph":[{"@type":"WebPage","@id":"https:\/\/www.devens.sk\/sk\/pravne-upozornenie-web-stranky\/","url":"https:\/\/www.devens.sk\/sk\/pravne-upozornenie-web-stranky\/","name":"Pr\u00e1vne upozornenie - devens","isPartOf":{"@id":"https:\/\/www.devens.sk\/sk\/#website"},"datePublished":"2025-03-11T19:17:39+00:00","dateModified":"2025-03-17T21:44:37+00:00","breadcrumb":{"@id":"https:\/\/www.devens.sk\/sk\/pravne-upozornenie-web-stranky\/#breadcrumb"},"inLanguage":"sk-SK","potentialAction":[{"@type":"ReadAction","target":["https:\/\/www.devens.sk\/sk\/pravne-upozornenie-web-stranky\/"]}]},{"@type":"BreadcrumbList","@id":"https:\/\/www.devens.sk\/sk\/pravne-upozornenie-web-stranky\/#breadcrumb","itemListElement":[{"@type":"ListItem","position":1,"name":"Home","item":"https:\/\/www.devens.sk\/sk\/"},{"@type":"ListItem","position":2,"name":"Pr\u00e1vne upozornenie"}]},{"@type":"WebSite","@id":"https:\/\/www.devens.sk\/sk\/#website","url":"https:\/\/www.devens.sk\/sk\/","name":"devens","description":"","potentialAction":[{"@type":"SearchAction","target":{"@type":"EntryPoint","urlTemplate":"https:\/\/www.devens.sk\/sk\/?s={search_term_string}"},"query-input":{"@type":"PropertyValueSpecification","valueRequired":true,"valueName":"search_term_string"}}],"inLanguage":"sk-SK"}]}},"_links":{"self":[{"href":"https:\/\/www.devens.sk\/sk\/wp-json\/wp\/v2\/pages\/245","targetHints":{"allow":["GET"]}}],"collection":[{"href":"https:\/\/www.devens.sk\/sk\/wp-json\/wp\/v2\/pages"}],"about":[{"href":"https:\/\/www.devens.sk\/sk\/wp-json\/wp\/v2\/types\/page"}],"author":[{"embeddable":true,"href":"https:\/\/www.devens.sk\/sk\/wp-json\/wp\/v2\/users\/1"}],"replies":[{"embeddable":true,"href":"https:\/\/www.devens.sk\/sk\/wp-json\/wp\/v2\/comments?post=245"}],"version-history":[{"count":2,"href":"https:\/\/www.devens.sk\/sk\/wp-json\/wp\/v2\/pages\/245\/revisions"}],"predecessor-version":[{"id":525,"href":"https:\/\/www.devens.sk\/sk\/wp-json\/wp\/v2\/pages\/245\/revisions\/525"}],"wp:attachment":[{"href":"https:\/\/www.devens.sk\/sk\/wp-json\/wp\/v2\/media?parent=245"}],"curies":[{"name":"wp","href":"https:\/\/api.w.org\/{rel}","templated":true}]}}