{"id":247,"date":"2025-03-11T19:40:56","date_gmt":"2025-03-11T19:40:56","guid":{"rendered":"https:\/\/www.devens.sk\/?page_id=247"},"modified":"2025-03-11T19:40:56","modified_gmt":"2025-03-11T19:40:56","slug":"upozornenie-ohladom-cookies","status":"publish","type":"page","link":"https:\/\/www.devens.sk\/sk\/upozornenie-ohladom-cookies\/","title":{"rendered":"Upozornenie oh\u013eadom cookies"},"content":{"rendered":"<p>T\u00e1to webov\u00e1 str\u00e1nka obsahuje v\u0161eobecn\u00e9 inform\u00e1cie o advok\u00e1tskej kancel\u00e1rii DEVENS Legal &amp; Advisory s.r.o., ktor\u00e9 s\u00fa ur\u010den\u00e9 klientom, potenci\u00e1lnym klientom a s\u00fakromn\u00fdm osob\u00e1m, ktor\u00e9 by mali z\u00e1ujem o zamestnanie v na\u0161ej kancel\u00e1rii. \u00da\u010delom tejto webovej str\u00e1nky nie je poskytova\u0165 pr\u00e1vne poradenstvo a klienti sa na \u0148u nemaj\u00fa spolieha\u0165 ako na zdroj pr\u00e1vneho poradenstva. Prenos a prij\u00edmanie inform\u00e1ci\u00ed prostredn\u00edctvom tejto str\u00e1nky nem\u00e1 predstavova\u0165, ani nepredstavuje vznik pr\u00e1vneho vz\u0165ahu pr\u00e1vnik \u2013klient medzi kancel\u00e1riou DEVENS Legal &amp; Advisory s.r.o. a akouko\u013evek osobou alebo subjektom.<\/p>\n<p>Na tejto str\u00e1nke m\u00f4\u017eu by\u0165 uveden\u00e9 odkazy na in\u00e9 webov\u00e9 str\u00e1nky, ktor\u00fdch obsah nem\u00f4\u017ee advok\u00e1tska kancel\u00e1ria DEVENS Legal &amp; Advisory s.r.o. ovplyvni\u0165, a preto nie je za ich obsah zodpovedn\u00e1, nerob\u00ed \u017eiadne vyhl\u00e1senia o t\u00fdchto str\u00e1nkach a nem\u00f4\u017ee sa zaru\u010di\u0165 za ich postupy pokia\u013e ide o ochranu osobn\u00fdch \u00fadajov a nevyhnutne nepotvrdzuje, ani neschva\u013euje inform\u00e1cie, materi\u00e1ly, produkty alebo slu\u017eby, ktor\u00e9 s\u00fa uveden\u00e9 na t\u00fdchto str\u00e1nkach, alebo ktor\u00e9 s\u00fa dostupn\u00e9 prostredn\u00edctvom t\u00fdchto str\u00e1nok. Pou\u017eitie ak\u00fdchko\u013evek inform\u00e1ci\u00ed uveden\u00fdch na na\u0161ej webovej str\u00e1nke na posielanie nevy\u017eiadan\u00fdch hromadn\u00fdch e-mailov, pon\u00fak alebo dotazov je pr\u00edsne zak\u00e1zan\u00e9.<\/p>\n<p>Advok\u00e1tska kancel\u00e1ria DEVENS Legal &amp; Advisory s.r.o. nerob\u00ed \u017eiadne vyhl\u00e1senia, \u010di u\u017e v\u00fdslovn\u00e9 alebo nepriame, pokia\u013e ide o aktu\u00e1lnos\u0165, presnos\u0165 alebo \u00faplnos\u0165 ak\u00fdchko\u013evek inform\u00e1ci\u00ed uveden\u00fdch na tejto webovej str\u00e1nke.<\/p>\n","protected":false},"excerpt":{"rendered":"<p>T\u00e1to webov\u00e1 str\u00e1nka obsahuje v\u0161eobecn\u00e9 inform\u00e1cie o advok\u00e1tskej kancel\u00e1rii DEVENS Legal &amp; Advisory s.r.o., ktor\u00e9 s\u00fa ur\u010den\u00e9 klientom, potenci\u00e1lnym klientom a s\u00fakromn\u00fdm osob\u00e1m, ktor\u00e9 by mali z\u00e1ujem o zamestnanie v na\u0161ej kancel\u00e1rii. \u00da\u010delom tejto webovej str\u00e1nky nie je poskytova\u0165 pr\u00e1vne poradenstvo a klienti sa na \u0148u nemaj\u00fa spolieha\u0165 ako na zdroj pr\u00e1vneho poradenstva. Prenos a [&hellip;]<\/p>\n","protected":false},"author":1,"featured_media":0,"parent":0,"menu_order":0,"comment_status":"closed","ping_status":"closed","template":"template-dokument.php","meta":{"_acf_changed":false,"inline_featured_image":false,"footnotes":""},"class_list":["post-247","page","type-page","status-publish","hentry"],"acf":[],"yoast_head":"<!-- This site is optimized with the Yoast SEO plugin v24.6 - https:\/\/yoast.com\/wordpress\/plugins\/seo\/ -->\n<title>Upozornenie oh\u013eadom cookies - devens<\/title>\n<meta name=\"robots\" content=\"index, follow, max-snippet:-1, max-image-preview:large, max-video-preview:-1\" \/>\n<link rel=\"canonical\" href=\"https:\/\/www.devens.sk\/sk\/upozornenie-ohladom-cookies\/\" \/>\n<meta property=\"og:locale\" content=\"sk_SK\" \/>\n<meta property=\"og:type\" content=\"article\" \/>\n<meta property=\"og:title\" content=\"Upozornenie oh\u013eadom cookies - devens\" \/>\n<meta property=\"og:description\" content=\"T\u00e1to webov\u00e1 str\u00e1nka obsahuje v\u0161eobecn\u00e9 inform\u00e1cie o advok\u00e1tskej kancel\u00e1rii DEVENS Legal &amp; Advisory s.r.o., ktor\u00e9 s\u00fa ur\u010den\u00e9 klientom, potenci\u00e1lnym klientom a s\u00fakromn\u00fdm osob\u00e1m, ktor\u00e9 by mali z\u00e1ujem o zamestnanie v na\u0161ej kancel\u00e1rii. \u00da\u010delom tejto webovej str\u00e1nky nie je poskytova\u0165 pr\u00e1vne poradenstvo a klienti sa na \u0148u nemaj\u00fa spolieha\u0165 ako na zdroj pr\u00e1vneho poradenstva. Prenos a [&hellip;]\" \/>\n<meta property=\"og:url\" content=\"https:\/\/www.devens.sk\/sk\/upozornenie-ohladom-cookies\/\" \/>\n<meta property=\"og:site_name\" content=\"devens\" \/>\n<meta name=\"twitter:card\" content=\"summary_large_image\" \/>\n<meta name=\"twitter:label1\" content=\"Est. reading time\" \/>\n\t<meta name=\"twitter:data1\" content=\"2 min\u00faty\" \/>\n<script type=\"application\/ld+json\" class=\"yoast-schema-graph\">{\"@context\":\"https:\/\/schema.org\",\"@graph\":[{\"@type\":\"WebPage\",\"@id\":\"https:\/\/www.devens.sk\/sk\/upozornenie-ohladom-cookies\/\",\"url\":\"https:\/\/www.devens.sk\/sk\/upozornenie-ohladom-cookies\/\",\"name\":\"Upozornenie oh\u013eadom cookies - devens\",\"isPartOf\":{\"@id\":\"https:\/\/www.devens.sk\/sk\/#website\"},\"datePublished\":\"2025-03-11T19:40:56+00:00\",\"breadcrumb\":{\"@id\":\"https:\/\/www.devens.sk\/sk\/upozornenie-ohladom-cookies\/#breadcrumb\"},\"inLanguage\":\"sk-SK\",\"potentialAction\":[{\"@type\":\"ReadAction\",\"target\":[\"https:\/\/www.devens.sk\/sk\/upozornenie-ohladom-cookies\/\"]}]},{\"@type\":\"BreadcrumbList\",\"@id\":\"https:\/\/www.devens.sk\/sk\/upozornenie-ohladom-cookies\/#breadcrumb\",\"itemListElement\":[{\"@type\":\"ListItem\",\"position\":1,\"name\":\"Home\",\"item\":\"https:\/\/www.devens.sk\/sk\/\"},{\"@type\":\"ListItem\",\"position\":2,\"name\":\"Upozornenie oh\u013eadom cookies\"}]},{\"@type\":\"WebSite\",\"@id\":\"https:\/\/www.devens.sk\/sk\/#website\",\"url\":\"https:\/\/www.devens.sk\/sk\/\",\"name\":\"devens\",\"description\":\"\",\"potentialAction\":[{\"@type\":\"SearchAction\",\"target\":{\"@type\":\"EntryPoint\",\"urlTemplate\":\"https:\/\/www.devens.sk\/sk\/?s={search_term_string}\"},\"query-input\":{\"@type\":\"PropertyValueSpecification\",\"valueRequired\":true,\"valueName\":\"search_term_string\"}}],\"inLanguage\":\"sk-SK\"}]}<\/script>\n<!-- \/ Yoast SEO plugin. -->","yoast_head_json":{"title":"Upozornenie oh\u013eadom cookies - devens","robots":{"index":"index","follow":"follow","max-snippet":"max-snippet:-1","max-image-preview":"max-image-preview:large","max-video-preview":"max-video-preview:-1"},"canonical":"https:\/\/www.devens.sk\/sk\/upozornenie-ohladom-cookies\/","og_locale":"sk_SK","og_type":"article","og_title":"Upozornenie oh\u013eadom cookies - devens","og_description":"T\u00e1to webov\u00e1 str\u00e1nka obsahuje v\u0161eobecn\u00e9 inform\u00e1cie o advok\u00e1tskej kancel\u00e1rii DEVENS Legal &amp; Advisory s.r.o., ktor\u00e9 s\u00fa ur\u010den\u00e9 klientom, potenci\u00e1lnym klientom a s\u00fakromn\u00fdm osob\u00e1m, ktor\u00e9 by mali z\u00e1ujem o zamestnanie v na\u0161ej kancel\u00e1rii. \u00da\u010delom tejto webovej str\u00e1nky nie je poskytova\u0165 pr\u00e1vne poradenstvo a klienti sa na \u0148u nemaj\u00fa spolieha\u0165 ako na zdroj pr\u00e1vneho poradenstva. Prenos a [&hellip;]","og_url":"https:\/\/www.devens.sk\/sk\/upozornenie-ohladom-cookies\/","og_site_name":"devens","twitter_card":"summary_large_image","twitter_misc":{"Est. reading time":"2 min\u00faty"},"schema":{"@context":"https:\/\/schema.org","@graph":[{"@type":"WebPage","@id":"https:\/\/www.devens.sk\/sk\/upozornenie-ohladom-cookies\/","url":"https:\/\/www.devens.sk\/sk\/upozornenie-ohladom-cookies\/","name":"Upozornenie oh\u013eadom cookies - devens","isPartOf":{"@id":"https:\/\/www.devens.sk\/sk\/#website"},"datePublished":"2025-03-11T19:40:56+00:00","breadcrumb":{"@id":"https:\/\/www.devens.sk\/sk\/upozornenie-ohladom-cookies\/#breadcrumb"},"inLanguage":"sk-SK","potentialAction":[{"@type":"ReadAction","target":["https:\/\/www.devens.sk\/sk\/upozornenie-ohladom-cookies\/"]}]},{"@type":"BreadcrumbList","@id":"https:\/\/www.devens.sk\/sk\/upozornenie-ohladom-cookies\/#breadcrumb","itemListElement":[{"@type":"ListItem","position":1,"name":"Home","item":"https:\/\/www.devens.sk\/sk\/"},{"@type":"ListItem","position":2,"name":"Upozornenie oh\u013eadom cookies"}]},{"@type":"WebSite","@id":"https:\/\/www.devens.sk\/sk\/#website","url":"https:\/\/www.devens.sk\/sk\/","name":"devens","description":"","potentialAction":[{"@type":"SearchAction","target":{"@type":"EntryPoint","urlTemplate":"https:\/\/www.devens.sk\/sk\/?s={search_term_string}"},"query-input":{"@type":"PropertyValueSpecification","valueRequired":true,"valueName":"search_term_string"}}],"inLanguage":"sk-SK"}]}},"_links":{"self":[{"href":"https:\/\/www.devens.sk\/sk\/wp-json\/wp\/v2\/pages\/247","targetHints":{"allow":["GET"]}}],"collection":[{"href":"https:\/\/www.devens.sk\/sk\/wp-json\/wp\/v2\/pages"}],"about":[{"href":"https:\/\/www.devens.sk\/sk\/wp-json\/wp\/v2\/types\/page"}],"author":[{"embeddable":true,"href":"https:\/\/www.devens.sk\/sk\/wp-json\/wp\/v2\/users\/1"}],"replies":[{"embeddable":true,"href":"https:\/\/www.devens.sk\/sk\/wp-json\/wp\/v2\/comments?post=247"}],"version-history":[{"count":1,"href":"https:\/\/www.devens.sk\/sk\/wp-json\/wp\/v2\/pages\/247\/revisions"}],"predecessor-version":[{"id":248,"href":"https:\/\/www.devens.sk\/sk\/wp-json\/wp\/v2\/pages\/247\/revisions\/248"}],"wp:attachment":[{"href":"https:\/\/www.devens.sk\/sk\/wp-json\/wp\/v2\/media?parent=247"}],"curies":[{"name":"wp","href":"https:\/\/api.w.org\/{rel}","templated":true}]}}