{"id":6,"date":"2025-02-27T09:39:49","date_gmt":"2025-02-27T09:39:49","guid":{"rendered":"https:\/\/www.devens.sk\/?page_id=6"},"modified":"2025-03-17T11:14:07","modified_gmt":"2025-03-17T11:14:07","slug":"domovska-stranka","status":"publish","type":"page","link":"https:\/\/www.devens.sk\/sk\/","title":{"rendered":"Domovsk\u00e1 str\u00e1nka"},"content":{"rendered":"","protected":false},"excerpt":{"rendered":"","protected":false},"author":1,"featured_media":0,"parent":0,"menu_order":0,"comment_status":"closed","ping_status":"closed","template":"template-home.php","meta":{"_acf_changed":false,"inline_featured_image":false,"footnotes":""},"class_list":["post-6","page","type-page","status-publish","hentry"],"acf":[],"yoast_head":"<!-- This site is optimized with the Yoast SEO plugin v24.6 - https:\/\/yoast.com\/wordpress\/plugins\/seo\/ -->\n<title>Advok\u00e1tska kancel\u00e1ria devens - Pr\u00e1vne slu\u017eby pre n\u00e1ro\u010dn\u00e9 projekty<\/title>\n<meta name=\"description\" content=\"Pr\u00e1vne slu\u017eby, finan\u010dn\u00fd mana\u017ement a ochrana citliv\u00fdch d\u00e1t. Spo\u013eahliv\u00fd partner pre obchodn\u00e9 spolo\u010dnosti, f\u00fazie, akviz\u00edcie a invest\u00edcie.\" \/>\n<meta name=\"robots\" content=\"index, follow, max-snippet:-1, max-image-preview:large, max-video-preview:-1\" \/>\n<link rel=\"canonical\" href=\"https:\/\/www.devens.sk\/sk\/\" \/>\n<meta property=\"og:locale\" content=\"sk_SK\" \/>\n<meta property=\"og:type\" content=\"article\" \/>\n<meta property=\"og:title\" content=\"Advok\u00e1tska kancel\u00e1ria devens - Pr\u00e1vne slu\u017eby pre n\u00e1ro\u010dn\u00e9 projekty\" \/>\n<meta property=\"og:description\" content=\"Pr\u00e1vne slu\u017eby, finan\u010dn\u00fd mana\u017ement a ochrana citliv\u00fdch d\u00e1t. Spo\u013eahliv\u00fd partner pre obchodn\u00e9 spolo\u010dnosti, f\u00fazie, akviz\u00edcie a invest\u00edcie.\" \/>\n<meta property=\"og:url\" content=\"https:\/\/www.devens.sk\/sk\/\" \/>\n<meta property=\"og:site_name\" content=\"devens\" \/>\n<meta property=\"article:modified_time\" content=\"2025-03-17T11:14:07+00:00\" \/>\n<meta name=\"twitter:card\" content=\"summary_large_image\" \/>\n<script type=\"application\/ld+json\" class=\"yoast-schema-graph\">{\"@context\":\"https:\/\/schema.org\",\"@graph\":[{\"@type\":\"WebPage\",\"@id\":\"https:\/\/www.devens.sk\/sk\/\",\"url\":\"https:\/\/www.devens.sk\/sk\/\",\"name\":\"Advok\u00e1tska kancel\u00e1ria devens - Pr\u00e1vne slu\u017eby pre n\u00e1ro\u010dn\u00e9 projekty\",\"isPartOf\":{\"@id\":\"https:\/\/www.devens.sk\/sk\/#website\"},\"datePublished\":\"2025-02-27T09:39:49+00:00\",\"dateModified\":\"2025-03-17T11:14:07+00:00\",\"description\":\"Pr\u00e1vne slu\u017eby, finan\u010dn\u00fd mana\u017ement a ochrana citliv\u00fdch d\u00e1t. Spo\u013eahliv\u00fd partner pre obchodn\u00e9 spolo\u010dnosti, f\u00fazie, akviz\u00edcie a invest\u00edcie.\",\"breadcrumb\":{\"@id\":\"https:\/\/www.devens.sk\/sk\/#breadcrumb\"},\"inLanguage\":\"sk-SK\",\"potentialAction\":[{\"@type\":\"ReadAction\",\"target\":[\"https:\/\/www.devens.sk\/sk\/\"]}]},{\"@type\":\"BreadcrumbList\",\"@id\":\"https:\/\/www.devens.sk\/sk\/#breadcrumb\",\"itemListElement\":[{\"@type\":\"ListItem\",\"position\":1,\"name\":\"Home\",\"item\":\"https:\/\/www.devens.sk\/sk\/\"},{\"@type\":\"ListItem\",\"position\":2,\"name\":\"Domovsk\u00e1 str\u00e1nka\"}]},{\"@type\":\"WebSite\",\"@id\":\"https:\/\/www.devens.sk\/sk\/#website\",\"url\":\"https:\/\/www.devens.sk\/sk\/\",\"name\":\"devens\",\"description\":\"\",\"potentialAction\":[{\"@type\":\"SearchAction\",\"target\":{\"@type\":\"EntryPoint\",\"urlTemplate\":\"https:\/\/www.devens.sk\/sk\/?s={search_term_string}\"},\"query-input\":{\"@type\":\"PropertyValueSpecification\",\"valueRequired\":true,\"valueName\":\"search_term_string\"}}],\"inLanguage\":\"sk-SK\"}]}<\/script>\n<!-- \/ Yoast SEO plugin. -->","yoast_head_json":{"title":"Advok\u00e1tska kancel\u00e1ria devens - Pr\u00e1vne slu\u017eby pre n\u00e1ro\u010dn\u00e9 projekty","description":"Pr\u00e1vne slu\u017eby, finan\u010dn\u00fd mana\u017ement a ochrana citliv\u00fdch d\u00e1t. Spo\u013eahliv\u00fd partner pre obchodn\u00e9 spolo\u010dnosti, f\u00fazie, akviz\u00edcie a invest\u00edcie.","robots":{"index":"index","follow":"follow","max-snippet":"max-snippet:-1","max-image-preview":"max-image-preview:large","max-video-preview":"max-video-preview:-1"},"canonical":"https:\/\/www.devens.sk\/sk\/","og_locale":"sk_SK","og_type":"article","og_title":"Advok\u00e1tska kancel\u00e1ria devens - Pr\u00e1vne slu\u017eby pre n\u00e1ro\u010dn\u00e9 projekty","og_description":"Pr\u00e1vne slu\u017eby, finan\u010dn\u00fd mana\u017ement a ochrana citliv\u00fdch d\u00e1t. Spo\u013eahliv\u00fd partner pre obchodn\u00e9 spolo\u010dnosti, f\u00fazie, akviz\u00edcie a invest\u00edcie.","og_url":"https:\/\/www.devens.sk\/sk\/","og_site_name":"devens","article_modified_time":"2025-03-17T11:14:07+00:00","twitter_card":"summary_large_image","schema":{"@context":"https:\/\/schema.org","@graph":[{"@type":"WebPage","@id":"https:\/\/www.devens.sk\/sk\/","url":"https:\/\/www.devens.sk\/sk\/","name":"Advok\u00e1tska kancel\u00e1ria devens - Pr\u00e1vne slu\u017eby pre n\u00e1ro\u010dn\u00e9 projekty","isPartOf":{"@id":"https:\/\/www.devens.sk\/sk\/#website"},"datePublished":"2025-02-27T09:39:49+00:00","dateModified":"2025-03-17T11:14:07+00:00","description":"Pr\u00e1vne slu\u017eby, finan\u010dn\u00fd mana\u017ement a ochrana citliv\u00fdch d\u00e1t. Spo\u013eahliv\u00fd partner pre obchodn\u00e9 spolo\u010dnosti, f\u00fazie, akviz\u00edcie a invest\u00edcie.","breadcrumb":{"@id":"https:\/\/www.devens.sk\/sk\/#breadcrumb"},"inLanguage":"sk-SK","potentialAction":[{"@type":"ReadAction","target":["https:\/\/www.devens.sk\/sk\/"]}]},{"@type":"BreadcrumbList","@id":"https:\/\/www.devens.sk\/sk\/#breadcrumb","itemListElement":[{"@type":"ListItem","position":1,"name":"Home","item":"https:\/\/www.devens.sk\/sk\/"},{"@type":"ListItem","position":2,"name":"Domovsk\u00e1 str\u00e1nka"}]},{"@type":"WebSite","@id":"https:\/\/www.devens.sk\/sk\/#website","url":"https:\/\/www.devens.sk\/sk\/","name":"devens","description":"","potentialAction":[{"@type":"SearchAction","target":{"@type":"EntryPoint","urlTemplate":"https:\/\/www.devens.sk\/sk\/?s={search_term_string}"},"query-input":{"@type":"PropertyValueSpecification","valueRequired":true,"valueName":"search_term_string"}}],"inLanguage":"sk-SK"}]}},"_links":{"self":[{"href":"https:\/\/www.devens.sk\/sk\/wp-json\/wp\/v2\/pages\/6","targetHints":{"allow":["GET"]}}],"collection":[{"href":"https:\/\/www.devens.sk\/sk\/wp-json\/wp\/v2\/pages"}],"about":[{"href":"https:\/\/www.devens.sk\/sk\/wp-json\/wp\/v2\/types\/page"}],"author":[{"embeddable":true,"href":"https:\/\/www.devens.sk\/sk\/wp-json\/wp\/v2\/users\/1"}],"replies":[{"embeddable":true,"href":"https:\/\/www.devens.sk\/sk\/wp-json\/wp\/v2\/comments?post=6"}],"version-history":[{"count":21,"href":"https:\/\/www.devens.sk\/sk\/wp-json\/wp\/v2\/pages\/6\/revisions"}],"predecessor-version":[{"id":459,"href":"https:\/\/www.devens.sk\/sk\/wp-json\/wp\/v2\/pages\/6\/revisions\/459"}],"wp:attachment":[{"href":"https:\/\/www.devens.sk\/sk\/wp-json\/wp\/v2\/media?parent=6"}],"curies":[{"name":"wp","href":"https:\/\/api.w.org\/{rel}","templated":true}]}}